{"id":110947,"date":"2022-05-30T17:22:36","date_gmt":"2022-05-30T17:22:36","guid":{"rendered":"https:\/\/2022.jovanka-von-wilsdorf.de\/privacy"},"modified":"2022-10-17T06:09:16","modified_gmt":"2022-10-17T06:09:16","slug":"privacy","status":"publish","type":"page","link":"https:\/\/jovanka-von-wilsdorf.de\/en\/privacy","title":{"rendered":"PRIVACY"},"content":{"rendered":"<div class=\"wpb-content-wrapper\">[vc_row row_height_percent=&#8221;0&#8243; override_padding=&#8221;yes&#8221; h_padding=&#8221;2&#8243; top_padding=&#8221;5&#8243; bottom_padding=&#8221;5&#8243; overlay_alpha=&#8221;50&#8243; gutter_size=&#8221;3&#8243; column_width_percent=&#8221;100&#8243; shift_y=&#8221;0&#8243; z_index=&#8221;0&#8243; uncode_shortcode_id=&#8221;209478&#8243;][vc_column column_width_percent=&#8221;100&#8243; align_horizontal=&#8221;align_center&#8221; gutter_size=&#8221;3&#8243; overlay_alpha=&#8221;50&#8243; shift_x=&#8221;0&#8243; shift_y=&#8221;0&#8243; shift_y_down=&#8221;0&#8243; z_index=&#8221;0&#8243; medium_width=&#8221;0&#8243; mobile_width=&#8221;0&#8243; uncode_shortcode_id=&#8221;104269&#8243;][vc_column_text]\r\n\r\n<h1 class=\"wp-block-heading\">DATENSCHUTZERKL\u00c4RUNG<\/h1>\r\n<p>[\/vc_column_text][vc_empty_space empty_h=&#8221;2&#8243;][vc_row_inner][vc_column_inner width=&#8221;1\/4&#8243;][\/vc_column_inner][vc_column_inner width=&#8221;3\/4&#8243;][vc_column_text uncode_shortcode_id=&#8221;180875&#8243;]\r\n<p>Jovanka v. Wilsdorf, ist Betreiberin der Website <a href=\"https:\/\/jovanka-von-wilsdorf.de\">jovanka-von-wilsdorf.de<\/a> und der darauf angebotenen Dienste und somit verantwortlich f\u00fcr die Erhebung, Verarbeitung und Nutzung von personenbezogenen Daten. Diese Erkl\u00e4rung umfasst nicht die verlinkten Websites Dritter.<\/p>\r\n<p>Der Schutz personenbezogener Daten ist uns ein wichtiges Anliegen. Deshalb wird die Website in \u00dcbereinstimmung mit den geltenden Gesetzen zum Datenschutz und zur Datensicherheit betrieben, insbesondere mit den Bestimmungen der Datenschutz-Grundverordnung (DS-GVO), des Bundesdatenschutzgesetz (BDSG) und dem Telemediengesetz (TMG). Wir nehmen den Schutz Ihrer personenbezogenen Daten ernst. Im Folgenden wird erl\u00e4utert, welche Daten wir erheben, wie diese durch uns verwendet werden und welche Rechte Ihnen im Hinblick auf die Verwendung Ihrer Daten gegen\u00fcber uns zustehen:<\/p>\r\n<h2>1. Verantwortlicher gem. Art. 4 Abs. 7 EU-Datenschutz-Grundverordnung<\/h2>\r\n<p>(1) Verantwortlicher gem. Art. 4 Abs. 7 DS-GVO ist Jovanka v. Wilsdorf.<\/p>\r\n<p>(2) Sie erreichen uns unter unseren Postadressen oder per E-Mail unter\u00a0<a href=\"mailto:management@jovanka-von-wilsdorf.de\">management@jovanka-von-wilsdorf.de<\/a>.<\/p>\r\n<h2>2. Ihre Rechte<\/h2>\r\n<p>(1) Sie haben gegen\u00fcber uns folgende Rechte hinsichtlich der Sie betreffenden personenbezogenen Daten:<\/p>\r\n<ul>\r\n<li>Recht auf Auskunft,<\/li>\r\n<li>Recht auf Berichtigung oder L\u00f6schung,<\/li>\r\n<li>Recht auf Einschr\u00e4nkung der Verarbeitung,<\/li>\r\n<li>Recht auf Widerspruch gegen die Verarbeitung,<\/li>\r\n<li>Recht auf Daten\u00fcbertragbarkeit.<\/li>\r\n<\/ul>\r\n<p>(2) Sie haben zudem das Recht, sich bei einer Datenschutz-Aufsichtsbeh\u00f6rde \u00fcber die Verarbeitung Ihrer personenbezogenen Daten durch uns zu beschweren.<\/p>\r\n<h2>3. Widerspruch oder Widerruf gegen die Verarbeitung Ihrer Daten<\/h2>\r\n<p>(1) Falls Sie eine Einwilligung zur Verarbeitung Ihrer Daten erteilt haben, k\u00f6nnen Sie diese jederzeit widerrufen. Ein solcher Widerruf beeinflusst die Zul\u00e4ssigkeit der Verarbeitung Ihrer personenbezogenen Daten, nachdem Sie ihn gegen\u00fcber uns ausgesprochen haben.<\/p>\r\n<p>(2) Soweit wir die Verarbeitung Ihrer personenbezogenen Daten auf die Interessenabw\u00e4gung st\u00fctzen, k\u00f6nnen Sie Widerspruch gegen die Verarbeitung einlegen. Dies ist der Fall, wenn die Verarbeitung insbesondere nicht zur Erf\u00fcllung eines Vertrags mit Ihnen erforderlich ist, was von uns jeweils bei der nachfolgenden Beschreibung der Funktionen dargestellt wird. Bei Aus\u00fcbung eines solchen Widerspruchs bitten wir um Darlegung der Gr\u00fcnde, weshalb wir Ihre personenbezogenen Daten nicht wie von uns durchgef\u00fchrt verarbeiten sollten. Im Falle Ihres begr\u00fcndeten Widerspruchs pr\u00fcfen wir die Sachlage und werden entweder die Datenverarbeitung einstellen bzw. anpassen oder Ihnen unsere zwingenden schutzw\u00fcrdigen Gr\u00fcnde aufzeigen, aufgrund derer wir die Verarbeitung fortf\u00fchren.<\/p>\r\n<p>(3) \u00dcber Ihren Widerruf der Einwilligung oder den Widerspruch k\u00f6nnen Sie uns unter folgenden Kontaktdaten informieren: Jovanka von Wilsdorf <a href=\"mailto:management@jovanka-von-wilsdorf.de\">management@jovanka-von-wilsdorf.de<\/a>.<\/p>\r\n<h2>4. Erhebung personenbezogener Daten bei Kontaktaufnahme<\/h2>\r\n<p>(1) Bei Ihrer Kontaktaufnahme mit uns per E-Mail oder Telefon werden die von Ihnen mitgeteilten Daten (z.B. Ihre E-Mail-Adresse, Ihre Telefonnummer und Ihr Name und die von Ihnen in der E-Mail \u00fcbermittelten personenbezogenen Daten) von uns gespeichert, um Ihre Fragen zu beantworten. Die in diesem Zusammenhang anfallenden Daten l\u00f6schen wir, nachdem die Speicherung nicht mehr erforderlich ist, oder schr\u00e4nken die Verarbeitung ein, falls gesetzliche Aufbewahrungspflichten bestehen.<\/p>\r\n<p>(2) Falls wir f\u00fcr einzelne Funktionen unseres Angebots auf beauftragte Dienstleister zur\u00fcckgreifen oder Ihre Daten f\u00fcr werbliche Zwecke nutzen m\u00f6chten, werden wir Sie untenstehend im Detail \u00fcber die jeweiligen Vorg\u00e4nge informieren. Dabei nennen wir auch die festgelegten Kriterien der Speicherdauer.<\/p>\r\n<h2>5. Erhebung von personenbezogenen Daten bei Besuch unserer Website<\/h2>\r\n<p>Bei der blo\u00df informatorischen Nutzung der Website, also wenn Sie uns anderweitig keine Informationen \u00fcbermitteln, erheben wir nur die Daten, die Ihr Browser an unseren Server \u00fcbermittelt. Wenn Sie unsere Website betrachten m\u00f6chten, erheben wir die folgenden Daten, die f\u00fcr uns technisch erforderlich sind, um Ihnen unsere Website anzuzeigen und die Stabilit\u00e4t und Sicherheit zu gew\u00e4hrleisten (Rechtsgrundlage ist Art. 6 Abs. 1 S. 1 lit. f DS-GVO):<\/p>\r\n<ul>\r\n<li>IP-Adresse<\/li>\r\n<li>Datum und Uhrzeit der Anfrage<\/li>\r\n<li>Zeitzonendifferenz zur Greenwich Mean Time (GMT)<\/li>\r\n<li>Inhalt der Anforderung (konkrete Seite)<\/li>\r\n<li>Zugriffsstatus\/HTTP-Statuscode<\/li>\r\n<li>jeweils \u00fcbertragene Datenmenge<\/li>\r\n<li>Website, von der die Anforderung kommt<\/li>\r\n<li>Browser<\/li>\r\n<li>Betriebssystem und dessen Oberfl\u00e4che<\/li>\r\n<li>Sprache und Version der Browsersoftware.<\/li>\r\n<\/ul>\r\n<h2>6. Einsatz von Cookies:<\/h2>\r\n<p>(1) Zus\u00e4tzlich zu den zuvor genannten Daten werden bei Ihrer Nutzung unserer Website Cookies auf Ihrem Rechner gespeichert. Bei Cookies handelt es sich um kleine Textdateien, die auf Ihrer Festplatte dem von Ihnen verwendeten Browser zugeordnet gespeichert werden und durch welche der Stelle, die den Cookie setzt (hier durch uns), bestimmte Informationen zuflie\u00dfen. Cookies k\u00f6nnen keine Programme ausf\u00fchren oder Viren auf Ihren Computer \u00fcbertragen. Sie dienen dazu, das Internetangebot insgesamt nutzerfreundlicher und effektiver zu machen.<\/p>\r\n<p>(2) Diese Website nutzt folgende Arten von Cookies, deren Umfang und Funktionsweise im Folgenden erl\u00e4utert werden:<\/p>\r\n<ul>\r\n<li>Transiente Cookies (dazu a)<\/li>\r\n<li>Persistente Cookies (dazu b).<\/li>\r\n<\/ul>\r\n<p>a) Transiente Cookies werden automatisiert gel\u00f6scht, wenn Sie den Browser schlie\u00dfen. Dazu z\u00e4hlen insbesondere die Session-Cookies. Diese speichern eine sogenannte Session-ID, mit welcher sich verschiedene Anfragen Ihres Browsers der gemeinsamen Sitzung zuordnen lassen. Dadurch kann Ihr Rechner wiedererkannt werden, wenn Sie auf unsere Website zur\u00fcckkehren. Die Session-Cookies werden gel\u00f6scht, wenn Sie den Browser schlie\u00dfen.<\/p>\r\n<p>b) Persistente Cookies werden automatisiert nach einer vorgegebenen Dauer gel\u00f6scht, die sich je nach Cookie unterscheiden kann. Sie k\u00f6nnen die Cookies in den Sicherheitseinstellungen Ihres Browsers jederzeit l\u00f6schen.<\/p>\r\n<p>c) Sie k\u00f6nnen Ihre Browser-Einstellung entsprechend Ihren W\u00fcnschen konfigurieren und z.B. die Annahme von Third-Party-Cookies oder allen Cookies ablehnen. Wir weisen Sie darauf hin, dass Sie eventuell nicht alle Funktionen dieser Website nutzen k\u00f6nnen.<\/p>\r\n<h2>7. Einsatz von Google Maps<\/h2>\r\n<p>Auf unserer Website nutzen wir nicht das Angebot von Google Maps.<\/p>\r\n<h2>8. Einsatz von Social-Media-Plug-ins<\/h2>\r\n<p>Wir setzen derzeit keine Social-Media-Plug-ins ein.<\/p>\r\n<h2>9. Stand der Datenschutzhinweise<\/h2>\r\n<p>Diese Datenschutzhinweise sind auf dem rechtlichen Stand von M\u00e4rz 2019.<\/p>\r\n<p>[\/vc_column_text][\/vc_column_inner][\/vc_row_inner][vc_empty_space empty_h=&#8221;3&#8243;][\/vc_column][\/vc_row][vc_row][vc_column][vc_column_text]\r\n<p>[\/vc_column_text][\/vc_column][\/vc_row]<\/p><\/div>","protected":false},"excerpt":{"rendered":"<p>[vc_row row_height_percent=&#8221;0&#8243; override_padding=&#8221;yes&#8221; h_padding=&#8221;2&#8243; top_padding=&#8221;5&#8243; bottom_padding=&#8221;5&#8243; overlay_alpha=&#8221;50&#8243; gutter_size=&#8221;3&#8243; column_width_percent=&#8221;100&#8243; shift_y=&#8221;0&#8243; z_index=&#8221;0&#8243; uncode_shortcode_id=&#8221;209478&#8243;][vc_column column_width_percent=&#8221;100&#8243; align_horizontal=&#8221;align_center&#8221; gutter_size=&#8221;3&#8243; overlay_alpha=&#8221;50&#8243; shift_x=&#8221;0&#8243; shift_y=&#8221;0&#8243; shift_y_down=&#8221;0&#8243; z_index=&#8221;0&#8243; [&hellip;]<\/p>\n","protected":false},"author":1,"featured_media":0,"parent":0,"menu_order":0,"comment_status":"closed","ping_status":"closed","template":"","meta":{"footnotes":""},"class_list":["post-110947","page","type-page","status-publish","hentry"],"aioseo_notices":[],"_links":{"self":[{"href":"https:\/\/jovanka-von-wilsdorf.de\/en\/wp-json\/wp\/v2\/pages\/110947","targetHints":{"allow":["GET"]}}],"collection":[{"href":"https:\/\/jovanka-von-wilsdorf.de\/en\/wp-json\/wp\/v2\/pages"}],"about":[{"href":"https:\/\/jovanka-von-wilsdorf.de\/en\/wp-json\/wp\/v2\/types\/page"}],"author":[{"embeddable":true,"href":"https:\/\/jovanka-von-wilsdorf.de\/en\/wp-json\/wp\/v2\/users\/1"}],"replies":[{"embeddable":true,"href":"https:\/\/jovanka-von-wilsdorf.de\/en\/wp-json\/wp\/v2\/comments?post=110947"}],"version-history":[{"count":3,"href":"https:\/\/jovanka-von-wilsdorf.de\/en\/wp-json\/wp\/v2\/pages\/110947\/revisions"}],"predecessor-version":[{"id":112393,"href":"https:\/\/jovanka-von-wilsdorf.de\/en\/wp-json\/wp\/v2\/pages\/110947\/revisions\/112393"}],"wp:attachment":[{"href":"https:\/\/jovanka-von-wilsdorf.de\/en\/wp-json\/wp\/v2\/media?parent=110947"}],"curies":[{"name":"wp","href":"https:\/\/api.w.org\/{rel}","templated":true}]}}